{"id":15,"date":"2023-10-05T23:27:57","date_gmt":"2023-10-05T21:27:57","guid":{"rendered":"https:\/\/airascaer.com.ar\/?page_id=15"},"modified":"2024-06-11T23:36:29","modified_gmt":"2024-06-12T02:36:29","slug":"sustentabilidad","status":"publish","type":"page","link":"https:\/\/airascaer.com.ar\/?page_id=15","title":{"rendered":"ENERG\u00cdA"},"content":{"rendered":"\t\t<div data-elementor-type=\"wp-page\" data-elementor-id=\"15\" class=\"elementor elementor-15\">\n\t\t\t\t<div class=\"elementor-element elementor-element-0c3abd6 e-flex e-con-boxed e-con e-parent\" data-id=\"0c3abd6\" data-element_type=\"container\">\n\t\t\t\t\t<div class=\"e-con-inner\">\n\t\t<div class=\"elementor-element elementor-element-a3caae3 e-con-full e-flex e-con e-child\" data-id=\"a3caae3\" data-element_type=\"container\">\n\t\t\t\t<div class=\"elementor-element elementor-element-43fc050 elementor-widget elementor-widget-heading\" data-id=\"43fc050\" data-element_type=\"widget\" data-widget_type=\"heading.default\">\n\t\t\t\t<div class=\"elementor-widget-container\">\n\t\t\t<style>\/*! elementor - v3.21.0 - 15-04-2024 *\/\n.elementor-heading-title{padding:0;margin:0;line-height:1}.elementor-widget-heading .elementor-heading-title[class*=elementor-size-]>a{color:inherit;font-size:inherit;line-height:inherit}.elementor-widget-heading .elementor-heading-title.elementor-size-small{font-size:15px}.elementor-widget-heading .elementor-heading-title.elementor-size-medium{font-size:19px}.elementor-widget-heading .elementor-heading-title.elementor-size-large{font-size:29px}.elementor-widget-heading .elementor-heading-title.elementor-size-xl{font-size:39px}.elementor-widget-heading .elementor-heading-title.elementor-size-xxl{font-size:59px}<\/style><h4 class=\"elementor-heading-title elementor-size-default\">ENERG\u00cdA SUSTENTABLE<\/h4>\t\t<\/div>\n\t\t\t\t<\/div>\n\t\t\t\t<div class=\"elementor-element elementor-element-8d7de53 elementor-widget elementor-widget-heading\" data-id=\"8d7de53\" data-element_type=\"widget\" data-widget_type=\"heading.default\">\n\t\t\t\t<div class=\"elementor-widget-container\">\n\t\t\t<h2 class=\"elementor-heading-title elementor-size-default\">SOLAR FOTOVOLTAICA<\/h2>\t\t<\/div>\n\t\t\t\t<\/div>\n\t\t\t\t<div class=\"elementor-element elementor-element-d2f9df6 elementor-widget elementor-widget-image\" data-id=\"d2f9df6\" data-element_type=\"widget\" data-widget_type=\"image.default\">\n\t\t\t\t<div class=\"elementor-widget-container\">\n\t\t\t<style>\/*! elementor - v3.21.0 - 15-04-2024 *\/\n.elementor-widget-image{text-align:center}.elementor-widget-image a{display:inline-block}.elementor-widget-image a img[src$=\".svg\"]{width:48px}.elementor-widget-image img{vertical-align:middle;display:inline-block}<\/style>\t\t\t\t\t\t\t\t\t\t<img fetchpriority=\"high\" decoding=\"async\" width=\"1024\" height=\"768\" src=\"https:\/\/airascaer.com.ar\/wp-content\/uploads\/2023\/10\/IMG_3418-1024x768.jpeg\" class=\"attachment-large size-large wp-image-54\" alt=\"\" srcset=\"https:\/\/airascaer.com.ar\/wp-content\/uploads\/2023\/10\/IMG_3418-1024x768.jpeg 1024w, https:\/\/airascaer.com.ar\/wp-content\/uploads\/2023\/10\/IMG_3418-300x225.jpeg 300w, https:\/\/airascaer.com.ar\/wp-content\/uploads\/2023\/10\/IMG_3418-768x576.jpeg 768w, https:\/\/airascaer.com.ar\/wp-content\/uploads\/2023\/10\/IMG_3418-1536x1152.jpeg 1536w, https:\/\/airascaer.com.ar\/wp-content\/uploads\/2023\/10\/IMG_3418-2048x1536.jpeg 2048w\" sizes=\"(max-width: 1024px) 100vw, 1024px\" \/>\t\t\t\t\t\t\t\t\t\t\t\t\t<\/div>\n\t\t\t\t<\/div>\n\t\t\t\t<\/div>\n\t\t<div class=\"elementor-element elementor-element-d33b52f e-con-full e-flex e-con e-child\" data-id=\"d33b52f\" data-element_type=\"container\">\n\t\t\t\t<div class=\"elementor-element elementor-element-b02a46a elementor-widget elementor-widget-text-editor\" data-id=\"b02a46a\" data-element_type=\"widget\" data-widget_type=\"text-editor.default\">\n\t\t\t\t<div class=\"elementor-widget-container\">\n\t\t\t<style>\/*! elementor - v3.21.0 - 15-04-2024 *\/\n.elementor-widget-text-editor.elementor-drop-cap-view-stacked .elementor-drop-cap{background-color:#69727d;color:#fff}.elementor-widget-text-editor.elementor-drop-cap-view-framed .elementor-drop-cap{color:#69727d;border:3px solid;background-color:transparent}.elementor-widget-text-editor:not(.elementor-drop-cap-view-default) .elementor-drop-cap{margin-top:8px}.elementor-widget-text-editor:not(.elementor-drop-cap-view-default) .elementor-drop-cap-letter{width:1em;height:1em}.elementor-widget-text-editor .elementor-drop-cap{float:left;text-align:center;line-height:1;font-size:50px}.elementor-widget-text-editor .elementor-drop-cap-letter{display:inline-block}<\/style>\t\t\t\t<h6 style=\"text-align: center;\">La energ\u00eda solar fotovoltaica es una forma de aprovechar la energ\u00eda del sol y convertirla directamente en electricidad utilizando paneles solares fotovoltaicos. Es una fuente de energ\u00eda renovable y limpia, ya que no emite gases de efecto invernadero ni otros contaminantes durante su funcionamiento. Adem\u00e1s, la luz solar es una fuente de energ\u00eda abundante y disponible en todo el mundo, lo que la convierte en una opci\u00f3n atractiva para la generaci\u00f3n de electricidad. A medida que avanza la tecnolog\u00eda, los paneles solares se vuelven m\u00e1s eficientes y asequibles, lo que promueve su adopci\u00f3n en diversas aplicaciones, como la generaci\u00f3n de energ\u00eda en viviendas, empresas y plantas de energ\u00eda solar a gran escala.<\/h6>\t\t\t\t\t\t<\/div>\n\t\t\t\t<\/div>\n\t\t\t\t<\/div>\n\t\t\t\t\t<\/div>\n\t\t\t\t<\/div>\n\t\t<div class=\"elementor-element elementor-element-b9033ad e-flex e-con-boxed e-con e-parent\" data-id=\"b9033ad\" data-element_type=\"container\">\n\t\t\t\t\t<div class=\"e-con-inner\">\n\t\t\t\t<div class=\"elementor-element elementor-element-7bd40b4 elementor-widget elementor-widget-heading\" data-id=\"7bd40b4\" data-element_type=\"widget\" data-widget_type=\"heading.default\">\n\t\t\t\t<div class=\"elementor-widget-container\">\n\t\t\t<h2 class=\"elementor-heading-title elementor-size-default\">Beneficios de instalar un Sistema Solar Fotovoltaico<\/h2>\t\t<\/div>\n\t\t\t\t<\/div>\n\t\t\t\t\t<\/div>\n\t\t\t\t<\/div>\n\t\t<div class=\"elementor-element elementor-element-b1de1b5 e-flex e-con-boxed e-con e-parent\" data-id=\"b1de1b5\" data-element_type=\"container\">\n\t\t\t\t\t<div class=\"e-con-inner\">\n\t\t<div class=\"elementor-element elementor-element-7a153d9 e-con-full e-flex e-con e-child\" data-id=\"7a153d9\" data-element_type=\"container\">\n\t\t\t\t<div class=\"elementor-element elementor-element-cb94066 elementor-view-default elementor-widget elementor-widget-icon\" data-id=\"cb94066\" data-element_type=\"widget\" data-widget_type=\"icon.default\">\n\t\t\t\t<div class=\"elementor-widget-container\">\n\t\t\t\t\t<div class=\"elementor-icon-wrapper\">\n\t\t\t<div class=\"elementor-icon\">\n\t\t\t<i aria-hidden=\"true\" class=\"fas fa-dollar-sign\"><\/i>\t\t\t<\/div>\n\t\t<\/div>\n\t\t\t\t<\/div>\n\t\t\t\t<\/div>\n\t\t\t\t<div class=\"elementor-element elementor-element-64d8635 elementor-widget elementor-widget-heading\" data-id=\"64d8635\" data-element_type=\"widget\" data-widget_type=\"heading.default\">\n\t\t\t\t<div class=\"elementor-widget-container\">\n\t\t\t<h4 class=\"elementor-heading-title elementor-size-default\">Ahorro en costos de energ\u00eda<\/h4>\t\t<\/div>\n\t\t\t\t<\/div>\n\t\t\t\t<div class=\"elementor-element elementor-element-4f522af elementor-widget elementor-widget-text-editor\" data-id=\"4f522af\" data-element_type=\"widget\" data-widget_type=\"text-editor.default\">\n\t\t\t\t<div class=\"elementor-widget-container\">\n\t\t\t\t\t\t\t<p style=\"text-align: center;\">Al instalar un sistema solar fotovoltaico, los usuarios pueden generar su propia electricidad a partir de la luz solar de forma gratuita. Esto reduce significativamente los gastos en facturas de electricidad a largo plazo.<\/p>\t\t\t\t\t\t<\/div>\n\t\t\t\t<\/div>\n\t\t\t\t<\/div>\n\t\t<div class=\"elementor-element elementor-element-ab94fcc e-con-full e-flex e-con e-child\" data-id=\"ab94fcc\" data-element_type=\"container\">\n\t\t\t\t<div class=\"elementor-element elementor-element-8003f2c elementor-view-default elementor-widget elementor-widget-icon\" data-id=\"8003f2c\" data-element_type=\"widget\" data-widget_type=\"icon.default\">\n\t\t\t\t<div class=\"elementor-widget-container\">\n\t\t\t\t\t<div class=\"elementor-icon-wrapper\">\n\t\t\t<div class=\"elementor-icon\">\n\t\t\t<i aria-hidden=\"true\" class=\"fas fa-solar-panel\"><\/i>\t\t\t<\/div>\n\t\t<\/div>\n\t\t\t\t<\/div>\n\t\t\t\t<\/div>\n\t\t\t\t<div class=\"elementor-element elementor-element-f97fba4 elementor-widget elementor-widget-heading\" data-id=\"f97fba4\" data-element_type=\"widget\" data-widget_type=\"heading.default\">\n\t\t\t\t<div class=\"elementor-widget-container\">\n\t\t\t<h4 class=\"elementor-heading-title elementor-size-default\">Energ\u00eda renovable y sostenible<\/h4>\t\t<\/div>\n\t\t\t\t<\/div>\n\t\t\t\t<div class=\"elementor-element elementor-element-8a204fc elementor-widget elementor-widget-text-editor\" data-id=\"8a204fc\" data-element_type=\"widget\" data-widget_type=\"text-editor.default\">\n\t\t\t\t<div class=\"elementor-widget-container\">\n\t\t\t\t\t\t\t<p style=\"text-align: center;\">Los sistemas solares fotovoltaicos utilizan una fuente de energ\u00eda limpia y renovable, la radiaci\u00f3n solar. Al aprovechar esta energ\u00eda, se contribuye a reducir la dependencia de los combustibles f\u00f3siles y se disminuye la emisi\u00f3n de gases de efecto invernadero, ayudando as\u00ed a mitigar el cambio clim\u00e1tico.<\/p>\t\t\t\t\t\t<\/div>\n\t\t\t\t<\/div>\n\t\t\t\t<\/div>\n\t\t<div class=\"elementor-element elementor-element-88a1f6b e-con-full e-flex e-con e-child\" data-id=\"88a1f6b\" data-element_type=\"container\">\n\t\t\t\t<div class=\"elementor-element elementor-element-d1cb7c9 elementor-view-default elementor-widget elementor-widget-icon\" data-id=\"d1cb7c9\" data-element_type=\"widget\" data-widget_type=\"icon.default\">\n\t\t\t\t<div class=\"elementor-widget-container\">\n\t\t\t\t\t<div class=\"elementor-icon-wrapper\">\n\t\t\t<div class=\"elementor-icon\">\n\t\t\t<i aria-hidden=\"true\" class=\"fas fa-bolt\"><\/i>\t\t\t<\/div>\n\t\t<\/div>\n\t\t\t\t<\/div>\n\t\t\t\t<\/div>\n\t\t\t\t<div class=\"elementor-element elementor-element-f9fd0cd elementor-widget elementor-widget-heading\" data-id=\"f9fd0cd\" data-element_type=\"widget\" data-widget_type=\"heading.default\">\n\t\t\t\t<div class=\"elementor-widget-container\">\n\t\t\t<h4 class=\"elementor-heading-title elementor-size-default\">Autonom\u00eda energ\u00e9tica<\/h4>\t\t<\/div>\n\t\t\t\t<\/div>\n\t\t\t\t<div class=\"elementor-element elementor-element-d28efe5 elementor-widget elementor-widget-text-editor\" data-id=\"d28efe5\" data-element_type=\"widget\" data-widget_type=\"text-editor.default\">\n\t\t\t\t<div class=\"elementor-widget-container\">\n\t\t\t\t\t\t\t<p style=\"text-align: center;\">Con un sistema solar fotovoltaico, los usuarios pueden generar su propia electricidad, lo que les proporciona una mayor independencia energ\u00e9tica. Esto es especialmente beneficioso en \u00e1reas remotas o rurales donde la infraestructura el\u00e9ctrica puede ser limitada.<\/p>\t\t\t\t\t\t<\/div>\n\t\t\t\t<\/div>\n\t\t\t\t<\/div>\n\t\t<div class=\"elementor-element elementor-element-9c18777 e-con-full e-flex e-con e-child\" data-id=\"9c18777\" data-element_type=\"container\">\n\t\t\t\t<div class=\"elementor-element elementor-element-01ff69b elementor-view-default elementor-widget elementor-widget-icon\" data-id=\"01ff69b\" data-element_type=\"widget\" data-widget_type=\"icon.default\">\n\t\t\t\t<div class=\"elementor-widget-container\">\n\t\t\t\t\t<div class=\"elementor-icon-wrapper\">\n\t\t\t<div class=\"elementor-icon\">\n\t\t\t<i aria-hidden=\"true\" class=\"fas fa-battery-three-quarters\"><\/i>\t\t\t<\/div>\n\t\t<\/div>\n\t\t\t\t<\/div>\n\t\t\t\t<\/div>\n\t\t\t\t<div class=\"elementor-element elementor-element-fce8edc elementor-widget elementor-widget-heading\" data-id=\"fce8edc\" data-element_type=\"widget\" data-widget_type=\"heading.default\">\n\t\t\t\t<div class=\"elementor-widget-container\">\n\t\t\t<h4 class=\"elementor-heading-title elementor-size-default\">Confiabilidad en el suministro el\u00e9ctrico<\/h4>\t\t<\/div>\n\t\t\t\t<\/div>\n\t\t\t\t<div class=\"elementor-element elementor-element-f15eb61 elementor-widget elementor-widget-text-editor\" data-id=\"f15eb61\" data-element_type=\"widget\" data-widget_type=\"text-editor.default\">\n\t\t\t\t<div class=\"elementor-widget-container\">\n\t\t\t\t\t\t\t<p style=\"text-align: center;\">Los sistemas solares fotovoltaicos pueden estar equipados con sistemas de almacenamiento de energ\u00eda, como bater\u00edas, lo que permite tener electricidad disponible incluso durante cortes de energ\u00eda o interrupciones en la red el\u00e9ctrica.<\/p>\t\t\t\t\t\t<\/div>\n\t\t\t\t<\/div>\n\t\t\t\t<\/div>\n\t\t<div class=\"elementor-element elementor-element-99539b1 e-con-full e-flex e-con e-child\" data-id=\"99539b1\" data-element_type=\"container\">\n\t\t\t\t<div class=\"elementor-element elementor-element-8cda8a9 elementor-view-default elementor-widget elementor-widget-icon\" data-id=\"8cda8a9\" data-element_type=\"widget\" data-widget_type=\"icon.default\">\n\t\t\t\t<div class=\"elementor-widget-container\">\n\t\t\t\t\t<div class=\"elementor-icon-wrapper\">\n\t\t\t<div class=\"elementor-icon\">\n\t\t\t<i aria-hidden=\"true\" class=\"fas fa-home\"><\/i>\t\t\t<\/div>\n\t\t<\/div>\n\t\t\t\t<\/div>\n\t\t\t\t<\/div>\n\t\t\t\t<div class=\"elementor-element elementor-element-75ba34b elementor-widget elementor-widget-heading\" data-id=\"75ba34b\" data-element_type=\"widget\" data-widget_type=\"heading.default\">\n\t\t\t\t<div class=\"elementor-widget-container\">\n\t\t\t<h4 class=\"elementor-heading-title elementor-size-default\">Valor agregado a la propiedad<\/h4>\t\t<\/div>\n\t\t\t\t<\/div>\n\t\t\t\t<div class=\"elementor-element elementor-element-91c704a elementor-widget elementor-widget-text-editor\" data-id=\"91c704a\" data-element_type=\"widget\" data-widget_type=\"text-editor.default\">\n\t\t\t\t<div class=\"elementor-widget-container\">\n\t\t\t\t\t\t\t<p style=\"text-align: center;\">La instalaci\u00f3n de sistemas solares fotovoltaicos aumenta el valor de las propiedades. Los compradores y arrendatarios valoran cada vez m\u00e1s las viviendas o edificios con fuentes de energ\u00eda renovable, lo que puede traducirse en un mayor retorno de inversi\u00f3n a largo plazo.<\/p>\t\t\t\t\t\t<\/div>\n\t\t\t\t<\/div>\n\t\t\t\t<\/div>\n\t\t<div class=\"elementor-element elementor-element-0e4b181 e-con-full e-flex e-con e-child\" data-id=\"0e4b181\" data-element_type=\"container\">\n\t\t\t\t<div class=\"elementor-element elementor-element-3473f94 elementor-view-default elementor-widget elementor-widget-icon\" data-id=\"3473f94\" data-element_type=\"widget\" data-widget_type=\"icon.default\">\n\t\t\t\t<div class=\"elementor-widget-container\">\n\t\t\t\t\t<div class=\"elementor-icon-wrapper\">\n\t\t\t<div class=\"elementor-icon\">\n\t\t\t<i aria-hidden=\"true\" class=\"fas fa-money-check-alt\"><\/i>\t\t\t<\/div>\n\t\t<\/div>\n\t\t\t\t<\/div>\n\t\t\t\t<\/div>\n\t\t\t\t<div class=\"elementor-element elementor-element-1390a3e elementor-widget elementor-widget-heading\" data-id=\"1390a3e\" data-element_type=\"widget\" data-widget_type=\"heading.default\">\n\t\t\t\t<div class=\"elementor-widget-container\">\n\t\t\t<h4 class=\"elementor-heading-title elementor-size-default\">Incentivos y subsidios<\/h4>\t\t<\/div>\n\t\t\t\t<\/div>\n\t\t\t\t<div class=\"elementor-element elementor-element-b503b74 elementor-widget elementor-widget-text-editor\" data-id=\"b503b74\" data-element_type=\"widget\" data-widget_type=\"text-editor.default\">\n\t\t\t\t<div class=\"elementor-widget-container\">\n\t\t\t\t\t\t\t<p style=\"text-align: center;\">En muchos casos, los programas de energ\u00eda solar fotovoltaica ofrecen incentivos econ\u00f3micos, como subsidios, cr\u00e9ditos fiscales o pr\u00e9stamos con tasas preferenciales, para promover su adopci\u00f3n. Estos incentivos pueden ayudar a reducir los costos iniciales de instalaci\u00f3n y hacer que el sistema sea m\u00e1s accesible para los usuarios.<\/p>\t\t\t\t\t\t<\/div>\n\t\t\t\t<\/div>\n\t\t\t\t<\/div>\n\t\t\t\t\t<\/div>\n\t\t\t\t<\/div>\n\t\t<div class=\"elementor-element elementor-element-effb475 e-flex e-con-boxed e-con e-parent\" data-id=\"effb475\" data-element_type=\"container\" data-settings=\"{&quot;background_background&quot;:&quot;slideshow&quot;,&quot;background_slideshow_gallery&quot;:[],&quot;background_slideshow_loop&quot;:&quot;yes&quot;,&quot;background_slideshow_slide_duration&quot;:5000,&quot;background_slideshow_slide_transition&quot;:&quot;fade&quot;,&quot;background_slideshow_transition_duration&quot;:500}\">\n\t\t\t\t\t<div class=\"e-con-inner\">\n\t\t\t\t<div class=\"elementor-element elementor-element-8a39a8b elementor-widget elementor-widget-video\" data-id=\"8a39a8b\" data-element_type=\"widget\" data-settings=\"{&quot;video_type&quot;:&quot;hosted&quot;,&quot;start&quot;:0,&quot;end&quot;:30,&quot;autoplay&quot;:&quot;yes&quot;,&quot;play_on_mobile&quot;:&quot;yes&quot;,&quot;mute&quot;:&quot;yes&quot;,&quot;loop&quot;:&quot;yes&quot;}\" data-widget_type=\"video.default\">\n\t\t\t\t<div class=\"elementor-widget-container\">\n\t\t\t<style>\/*! elementor - v3.21.0 - 15-04-2024 *\/\n.elementor-widget-video .elementor-widget-container{overflow:hidden;transform:translateZ(0)}.elementor-widget-video .elementor-wrapper{aspect-ratio:var(--video-aspect-ratio)}.elementor-widget-video .elementor-wrapper iframe,.elementor-widget-video .elementor-wrapper video{height:100%;width:100%;display:flex;border:none;background-color:#000}@supports not (aspect-ratio:1\/1){.elementor-widget-video .elementor-wrapper{position:relative;overflow:hidden;height:0;padding-bottom:calc(100% \/ var(--video-aspect-ratio))}.elementor-widget-video .elementor-wrapper iframe,.elementor-widget-video .elementor-wrapper video{position:absolute;top:0;right:0;bottom:0;left:0}}.elementor-widget-video .elementor-open-inline .elementor-custom-embed-image-overlay{position:absolute;top:0;right:0;bottom:0;left:0;background-size:cover;background-position:50%}.elementor-widget-video .elementor-custom-embed-image-overlay{cursor:pointer;text-align:center}.elementor-widget-video .elementor-custom-embed-image-overlay:hover .elementor-custom-embed-play i{opacity:1}.elementor-widget-video .elementor-custom-embed-image-overlay img{display:block;width:100%;aspect-ratio:var(--video-aspect-ratio);-o-object-fit:cover;object-fit:cover;-o-object-position:center center;object-position:center center}@supports not (aspect-ratio:1\/1){.elementor-widget-video .elementor-custom-embed-image-overlay{position:relative;overflow:hidden;height:0;padding-bottom:calc(100% \/ var(--video-aspect-ratio))}.elementor-widget-video .elementor-custom-embed-image-overlay img{position:absolute;top:0;right:0;bottom:0;left:0}}.elementor-widget-video .e-hosted-video .elementor-video{-o-object-fit:cover;object-fit:cover}.e-con-inner>.elementor-widget-video,.e-con>.elementor-widget-video{width:var(--container-widget-width);--flex-grow:var(--container-widget-flex-grow)}<\/style>\t\t<div class=\"e-hosted-video elementor-wrapper elementor-open-inline\">\n\t\t\t\t\t<video class=\"elementor-video\" src=\"https:\/\/airascaer.com.ar\/wp-content\/uploads\/2023\/11\/Video-Horizontal-3.mp4#t=,30\" autoplay=\"\" loop=\"\" muted=\"muted\" playsinline=\"\" controlsList=\"nodownload\"><\/video>\n\t\t\t\t<\/div>\n\t\t\t\t<\/div>\n\t\t\t\t<\/div>\n\t\t\t\t\t<\/div>\n\t\t\t\t<\/div>\n\t\t<div class=\"elementor-element elementor-element-40999b8 e-flex e-con-boxed e-con e-parent\" data-id=\"40999b8\" data-element_type=\"container\" data-settings=\"{&quot;background_background&quot;:&quot;slideshow&quot;,&quot;background_slideshow_gallery&quot;:[],&quot;background_slideshow_loop&quot;:&quot;yes&quot;,&quot;background_slideshow_slide_duration&quot;:5000,&quot;background_slideshow_slide_transition&quot;:&quot;fade&quot;,&quot;background_slideshow_transition_duration&quot;:500}\">\n\t\t\t\t\t<div class=\"e-con-inner\">\n\t\t<div class=\"elementor-element elementor-element-abec4bc e-con-full e-flex e-con e-child\" data-id=\"abec4bc\" data-element_type=\"container\">\n\t\t\t\t<div class=\"elementor-element elementor-element-44a5555 elementor-widget elementor-widget-heading\" data-id=\"44a5555\" data-element_type=\"widget\" data-widget_type=\"heading.default\">\n\t\t\t\t<div class=\"elementor-widget-container\">\n\t\t\t<h3 class=\"elementor-heading-title elementor-size-default\">Autoconsumo residencial viviendas<\/h3>\t\t<\/div>\n\t\t\t\t<\/div>\n\t\t\t\t<div class=\"elementor-element elementor-element-416a235 elementor-widget elementor-widget-text-editor\" data-id=\"416a235\" data-element_type=\"widget\" data-widget_type=\"text-editor.default\">\n\t\t\t\t<div class=\"elementor-widget-container\">\n\t\t\t\t\t\t\t<p>Ofrecemos soluciones para hogares y propiedades rurales que no est\u00e1n conectados a la red el\u00e9ctrica. Dise\u00f1amos y construimos soluciones completas que incluyen paneles solares, bater\u00edas de almacenamiento y sistemas de gesti\u00f3n de energ\u00eda.<br \/>Tambi\u00e9n nos especializamos en instalaciones fotovoltaicas conectadas a la red el\u00e9ctrica. Estos sistemas permiten a los usuarios aprovechar la energ\u00eda solar durante el d\u00eda y volcar el exceso de electricidad a la red, reduciendo los costos de tu factura de electricidad. Nuestro equipo se encarga de todos los aspectos, desde el dise\u00f1o inicial hasta la conexi\u00f3n con la red el\u00e9ctrica y la coordinaci\u00f3n con las autoridades locales.<\/p>\t\t\t\t\t\t<\/div>\n\t\t\t\t<\/div>\n\t\t\t\t<\/div>\n\t\t<div class=\"elementor-element elementor-element-b086b76 e-con-full e-flex e-con e-child\" data-id=\"b086b76\" data-element_type=\"container\">\n\t\t\t\t<div class=\"elementor-element elementor-element-963148c elementor-widget elementor-widget-heading\" data-id=\"963148c\" data-element_type=\"widget\" data-widget_type=\"heading.default\">\n\t\t\t\t<div class=\"elementor-widget-container\">\n\t\t\t<h3 class=\"elementor-heading-title elementor-size-default\">Autoconsumo de grandes consumidores de energ\u00eda<\/h3>\t\t<\/div>\n\t\t\t\t<\/div>\n\t\t\t\t<div class=\"elementor-element elementor-element-736dd4a elementor-widget elementor-widget-text-editor\" data-id=\"736dd4a\" data-element_type=\"widget\" data-widget_type=\"text-editor.default\">\n\t\t\t\t<div class=\"elementor-widget-container\">\n\t\t\t\t\t\t\t<p>Trabajamos en el dise\u00f1o y construcci\u00f3n de instalaciones fotovoltaicas conectadas a la red de industrias, comercios e instituciones. Estos sistemas permiten reducir la huella de carbono, contribuyendo a mitigar el cambio clim\u00e1tico y generar ahorros considerables en la factura de electricidad.<\/p>\t\t\t\t\t\t<\/div>\n\t\t\t\t<\/div>\n\t\t\t\t<\/div>\n\t\t<div class=\"elementor-element elementor-element-393d7db e-con-full e-flex e-con e-child\" data-id=\"393d7db\" data-element_type=\"container\">\n\t\t\t\t<div class=\"elementor-element elementor-element-abe285c elementor-widget elementor-widget-heading\" data-id=\"abe285c\" data-element_type=\"widget\" data-widget_type=\"heading.default\">\n\t\t\t\t<div class=\"elementor-widget-container\">\n\t\t\t<h3 class=\"elementor-heading-title elementor-size-default\">Grandes plantas generadoras<\/h3>\t\t<\/div>\n\t\t\t\t<\/div>\n\t\t\t\t<div class=\"elementor-element elementor-element-cd7634b elementor-widget elementor-widget-text-editor\" data-id=\"cd7634b\" data-element_type=\"widget\" data-widget_type=\"text-editor.default\">\n\t\t\t\t<div class=\"elementor-widget-container\">\n\t\t\t\t\t\t\t<p>Tambi\u00e9n nos especializamos en la planificaci\u00f3n y construcci\u00f3n de grandes plantas fotovoltaicas. Trabajamos en colaboraci\u00f3n con empresas y organizaciones para desarrollar proyectos a gran escala que contribuyen al suministro de energ\u00eda renovable y la reducci\u00f3n de las emisiones de carbono.<\/p>\t\t\t\t\t\t<\/div>\n\t\t\t\t<\/div>\n\t\t\t\t<\/div>\n\t\t\t\t\t<\/div>\n\t\t\t\t<\/div>\n\t\t\t\t<\/div>\n\t\t","protected":false},"excerpt":{"rendered":"<p>ENERG\u00cdA SUSTENTABLE SOLAR FOTOVOLTAICA La energ\u00eda solar fotovoltaica es una forma de aprovechar la energ\u00eda del sol y convertirla directamente en electricidad utilizando paneles solares fotovoltaicos. Es una fuente de energ\u00eda renovable y limpia, ya que no emite gases de efecto invernadero ni otros contaminantes durante su funcionamiento. Adem\u00e1s, la luz solar es una fuente&hellip;&nbsp;<a href=\"https:\/\/airascaer.com.ar\/?page_id=15\" class=\"\" rel=\"bookmark\">Leer m\u00e1s &raquo;<span class=\"screen-reader-text\">ENERG\u00cdA<\/span><\/a><\/p>\n","protected":false},"author":1,"featured_media":0,"parent":0,"menu_order":0,"comment_status":"closed","ping_status":"closed","template":"page-templates\/template-pagebuilder-full-width.php","meta":{"neve_meta_sidebar":"","neve_meta_container":"","neve_meta_enable_content_width":"","neve_meta_content_width":0,"neve_meta_title_alignment":"","neve_meta_author_avatar":"","neve_post_elements_order":"","neve_meta_disable_header":"","neve_meta_disable_footer":"","neve_meta_disable_title":"","footnotes":"","_joinchat":[]},"_links":{"self":[{"href":"https:\/\/airascaer.com.ar\/index.php?rest_route=\/wp\/v2\/pages\/15"}],"collection":[{"href":"https:\/\/airascaer.com.ar\/index.php?rest_route=\/wp\/v2\/pages"}],"about":[{"href":"https:\/\/airascaer.com.ar\/index.php?rest_route=\/wp\/v2\/types\/page"}],"author":[{"embeddable":true,"href":"https:\/\/airascaer.com.ar\/index.php?rest_route=\/wp\/v2\/users\/1"}],"replies":[{"embeddable":true,"href":"https:\/\/airascaer.com.ar\/index.php?rest_route=%2Fwp%2Fv2%2Fcomments&post=15"}],"version-history":[{"count":50,"href":"https:\/\/airascaer.com.ar\/index.php?rest_route=\/wp\/v2\/pages\/15\/revisions"}],"predecessor-version":[{"id":383,"href":"https:\/\/airascaer.com.ar\/index.php?rest_route=\/wp\/v2\/pages\/15\/revisions\/383"}],"wp:attachment":[{"href":"https:\/\/airascaer.com.ar\/index.php?rest_route=%2Fwp%2Fv2%2Fmedia&parent=15"}],"curies":[{"name":"wp","href":"https:\/\/api.w.org\/{rel}","templated":true}]}}