{"id":17,"date":"2023-10-05T23:28:10","date_gmt":"2023-10-05T21:28:10","guid":{"rendered":"https:\/\/airascaer.com.ar\/?page_id=17"},"modified":"2023-10-30T09:52:52","modified_gmt":"2023-10-30T12:52:52","slug":"servicios","status":"publish","type":"page","link":"https:\/\/airascaer.com.ar\/?page_id=17","title":{"rendered":"SERVICIOS"},"content":{"rendered":"\t\t<div data-elementor-type=\"wp-page\" data-elementor-id=\"17\" class=\"elementor elementor-17\">\n\t\t\t\t<div class=\"elementor-element elementor-element-a9e50f8 e-flex e-con-boxed e-con e-parent\" data-id=\"a9e50f8\" data-element_type=\"container\" data-settings=\"{&quot;background_background&quot;:&quot;slideshow&quot;,&quot;background_slideshow_gallery&quot;:[{&quot;id&quot;:117,&quot;url&quot;:&quot;https:\\\/\\\/airascaer.com.ar\\\/wp-content\\\/uploads\\\/2023\\\/10\\\/A7C00745-scaled.jpg&quot;},{&quot;id&quot;:118,&quot;url&quot;:&quot;https:\\\/\\\/airascaer.com.ar\\\/wp-content\\\/uploads\\\/2023\\\/10\\\/DJI_0061-scaled.jpg&quot;},{&quot;id&quot;:119,&quot;url&quot;:&quot;https:\\\/\\\/airascaer.com.ar\\\/wp-content\\\/uploads\\\/2023\\\/10\\\/IMG-3601-scaled.jpg&quot;},{&quot;id&quot;:120,&quot;url&quot;:&quot;https:\\\/\\\/airascaer.com.ar\\\/wp-content\\\/uploads\\\/2023\\\/10\\\/Imagen-de-WhatsApp-2023-07-28-a-las-15.40.30.jpg&quot;}],&quot;background_slideshow_loop&quot;:&quot;yes&quot;,&quot;background_slideshow_slide_duration&quot;:5000,&quot;background_slideshow_slide_transition&quot;:&quot;fade&quot;,&quot;background_slideshow_transition_duration&quot;:500}\">\n\t\t\t\t\t<div class=\"e-con-inner\">\n\t\t\t\t\t<\/div>\n\t\t\t\t<\/div>\n\t\t<div class=\"elementor-element elementor-element-7af40bd e-flex e-con-boxed e-con e-parent\" data-id=\"7af40bd\" data-element_type=\"container\">\n\t\t\t\t\t<div class=\"e-con-inner\">\n\t\t\t\t<div class=\"elementor-element elementor-element-59e9c77 elementor-widget elementor-widget-heading\" data-id=\"59e9c77\" data-element_type=\"widget\" data-widget_type=\"heading.default\">\n\t\t\t\t<div class=\"elementor-widget-container\">\n\t\t\t<style>\/*! elementor - v3.21.0 - 15-04-2024 *\/\n.elementor-heading-title{padding:0;margin:0;line-height:1}.elementor-widget-heading .elementor-heading-title[class*=elementor-size-]>a{color:inherit;font-size:inherit;line-height:inherit}.elementor-widget-heading .elementor-heading-title.elementor-size-small{font-size:15px}.elementor-widget-heading .elementor-heading-title.elementor-size-medium{font-size:19px}.elementor-widget-heading .elementor-heading-title.elementor-size-large{font-size:29px}.elementor-widget-heading .elementor-heading-title.elementor-size-xl{font-size:39px}.elementor-widget-heading .elementor-heading-title.elementor-size-xxl{font-size:59px}<\/style><h2 class=\"elementor-heading-title elementor-size-default\">Ingenier\u00eda de sistemas de energ\u00eda solar fotovoltaica<\/h2>\t\t<\/div>\n\t\t\t\t<\/div>\n\t\t\t\t\t<\/div>\n\t\t\t\t<\/div>\n\t\t<div class=\"elementor-element elementor-element-e034832 e-flex e-con-boxed e-con e-parent\" data-id=\"e034832\" data-element_type=\"container\">\n\t\t\t\t\t<div class=\"e-con-inner\">\n\t\t\t\t<div class=\"elementor-element elementor-element-23ff0ca elementor-view-default elementor-widget elementor-widget-icon\" data-id=\"23ff0ca\" data-element_type=\"widget\" data-widget_type=\"icon.default\">\n\t\t\t\t<div class=\"elementor-widget-container\">\n\t\t\t\t\t<div class=\"elementor-icon-wrapper\">\n\t\t\t<div class=\"elementor-icon\">\n\t\t\t<i aria-hidden=\"true\" class=\"fas fa-angle-right\"><\/i>\t\t\t<\/div>\n\t\t<\/div>\n\t\t\t\t<\/div>\n\t\t\t\t<\/div>\n\t\t<div class=\"elementor-element elementor-element-27277b7 e-con-full e-flex e-con e-child\" data-id=\"27277b7\" data-element_type=\"container\">\n\t\t\t\t<div class=\"elementor-element elementor-element-27617db elementor-widget elementor-widget-heading\" data-id=\"27617db\" data-element_type=\"widget\" data-widget_type=\"heading.default\">\n\t\t\t\t<div class=\"elementor-widget-container\">\n\t\t\t<h5 class=\"elementor-heading-title elementor-size-default\">GESTI\u00d3N DE CR\u00c9DITOS<\/h5>\t\t<\/div>\n\t\t\t\t<\/div>\n\t\t\t\t<div class=\"elementor-element elementor-element-b8b8f5e elementor-widget elementor-widget-text-editor\" data-id=\"b8b8f5e\" data-element_type=\"widget\" data-widget_type=\"text-editor.default\">\n\t\t\t\t<div class=\"elementor-widget-container\">\n\t\t\t<style>\/*! elementor - v3.21.0 - 15-04-2024 *\/\n.elementor-widget-text-editor.elementor-drop-cap-view-stacked .elementor-drop-cap{background-color:#69727d;color:#fff}.elementor-widget-text-editor.elementor-drop-cap-view-framed .elementor-drop-cap{color:#69727d;border:3px solid;background-color:transparent}.elementor-widget-text-editor:not(.elementor-drop-cap-view-default) .elementor-drop-cap{margin-top:8px}.elementor-widget-text-editor:not(.elementor-drop-cap-view-default) .elementor-drop-cap-letter{width:1em;height:1em}.elementor-widget-text-editor .elementor-drop-cap{float:left;text-align:center;line-height:1;font-size:50px}.elementor-widget-text-editor .elementor-drop-cap-letter{display:inline-block}<\/style>\t\t\t\t<p style=\"text-align: left;\">Realizamos todas las gestiones para la solicitaci\u00f3n de cr\u00e9ditos espec\u00edficos que permiten financiar instalaciones solares fotovoltaicas, provinciales y nacionales, tales como Plan Renovable Era, FEDEI, CFI, etc.<\/p>\t\t\t\t\t\t<\/div>\n\t\t\t\t<\/div>\n\t\t\t\t<\/div>\n\t\t\t\t<div class=\"elementor-element elementor-element-2868714 elementor-view-default elementor-widget elementor-widget-icon\" data-id=\"2868714\" data-element_type=\"widget\" data-widget_type=\"icon.default\">\n\t\t\t\t<div class=\"elementor-widget-container\">\n\t\t\t\t\t<div class=\"elementor-icon-wrapper\">\n\t\t\t<div class=\"elementor-icon\">\n\t\t\t<i aria-hidden=\"true\" class=\"fas fa-angle-right\"><\/i>\t\t\t<\/div>\n\t\t<\/div>\n\t\t\t\t<\/div>\n\t\t\t\t<\/div>\n\t\t<div class=\"elementor-element elementor-element-c95914b e-con-full e-flex e-con e-child\" data-id=\"c95914b\" data-element_type=\"container\">\n\t\t\t\t<div class=\"elementor-element elementor-element-7682159 elementor-widget elementor-widget-heading\" data-id=\"7682159\" data-element_type=\"widget\" data-widget_type=\"heading.default\">\n\t\t\t\t<div class=\"elementor-widget-container\">\n\t\t\t<h5 class=\"elementor-heading-title elementor-size-default\">DISE\u00d1O PERSONALIZADO<\/h5>\t\t<\/div>\n\t\t\t\t<\/div>\n\t\t\t\t<div class=\"elementor-element elementor-element-10ac0d5 elementor-widget elementor-widget-text-editor\" data-id=\"10ac0d5\" data-element_type=\"widget\" data-widget_type=\"text-editor.default\">\n\t\t\t\t<div class=\"elementor-widget-container\">\n\t\t\t\t\t\t\t<p style=\"text-align: left;\">Comenzamos cada proyecto evaluando las necesidades y requisitos espec\u00edficos de nuestros clientes. A trav\u00e9s de un enfoque consultivo, desarrollamos un dise\u00f1o personalizado que maximiza la generaci\u00f3n de energ\u00eda solar y se adapta perfectamente a las caracter\u00edsticas de su vivienda, comercio, instituci\u00f3n o industria.<\/p>\t\t\t\t\t\t<\/div>\n\t\t\t\t<\/div>\n\t\t\t\t<\/div>\n\t\t\t\t<div class=\"elementor-element elementor-element-3021992 elementor-view-default elementor-widget elementor-widget-icon\" data-id=\"3021992\" data-element_type=\"widget\" data-widget_type=\"icon.default\">\n\t\t\t\t<div class=\"elementor-widget-container\">\n\t\t\t\t\t<div class=\"elementor-icon-wrapper\">\n\t\t\t<div class=\"elementor-icon\">\n\t\t\t<i aria-hidden=\"true\" class=\"fas fa-angle-right\"><\/i>\t\t\t<\/div>\n\t\t<\/div>\n\t\t\t\t<\/div>\n\t\t\t\t<\/div>\n\t\t<div class=\"elementor-element elementor-element-16471ab e-con-full e-flex e-con e-child\" data-id=\"16471ab\" data-element_type=\"container\">\n\t\t\t\t<div class=\"elementor-element elementor-element-080a2b5 elementor-widget elementor-widget-heading\" data-id=\"080a2b5\" data-element_type=\"widget\" data-widget_type=\"heading.default\">\n\t\t\t\t<div class=\"elementor-widget-container\">\n\t\t\t<h5 class=\"elementor-heading-title elementor-size-default\">C\u00c1LCULO PRECISO<\/h5>\t\t<\/div>\n\t\t\t\t<\/div>\n\t\t\t\t<div class=\"elementor-element elementor-element-47d866b elementor-widget elementor-widget-text-editor\" data-id=\"47d866b\" data-element_type=\"widget\" data-widget_type=\"text-editor.default\">\n\t\t\t\t<div class=\"elementor-widget-container\">\n\t\t\t\t\t\t\t<p style=\"text-align: left;\">Contamos con expertos en c\u00e1lculo de sistemas fotovoltaicos que utilizan herramientas avanzadas para estimar de manera precisa la producci\u00f3n de energ\u00eda, el rendimiento esperado y la rentabilidad de cada instalaci\u00f3n. Esto nos permite ofrecer a nuestros clientes proyecciones realistas y optimizadas.<\/p>\t\t\t\t\t\t<\/div>\n\t\t\t\t<\/div>\n\t\t\t\t<\/div>\n\t\t\t\t\t<\/div>\n\t\t\t\t<\/div>\n\t\t<div class=\"elementor-element elementor-element-34e4328 e-flex e-con-boxed e-con e-parent\" data-id=\"34e4328\" data-element_type=\"container\">\n\t\t\t\t\t<div class=\"e-con-inner\">\n\t\t\t\t<div class=\"elementor-element elementor-element-c8b1223 elementor-view-default elementor-widget elementor-widget-icon\" data-id=\"c8b1223\" data-element_type=\"widget\" data-widget_type=\"icon.default\">\n\t\t\t\t<div class=\"elementor-widget-container\">\n\t\t\t\t\t<div class=\"elementor-icon-wrapper\">\n\t\t\t<div class=\"elementor-icon\">\n\t\t\t<i aria-hidden=\"true\" class=\"fas fa-angle-right\"><\/i>\t\t\t<\/div>\n\t\t<\/div>\n\t\t\t\t<\/div>\n\t\t\t\t<\/div>\n\t\t<div class=\"elementor-element elementor-element-1766f5d e-con-full e-flex e-con e-child\" data-id=\"1766f5d\" data-element_type=\"container\">\n\t\t\t\t<div class=\"elementor-element elementor-element-b9cb4ac elementor-widget elementor-widget-heading\" data-id=\"b9cb4ac\" data-element_type=\"widget\" data-widget_type=\"heading.default\">\n\t\t\t\t<div class=\"elementor-widget-container\">\n\t\t\t<h5 class=\"elementor-heading-title elementor-size-default\">EJECUCI\u00d3N PROFESIONAL<\/h5>\t\t<\/div>\n\t\t\t\t<\/div>\n\t\t\t\t<div class=\"elementor-element elementor-element-b3c9b03 elementor-widget elementor-widget-text-editor\" data-id=\"b3c9b03\" data-element_type=\"widget\" data-widget_type=\"text-editor.default\">\n\t\t\t\t<div class=\"elementor-widget-container\">\n\t\t\t\t\t\t\t<p style=\"text-align: left;\">Nuestro equipo altamente capacitado se encarga de llevar a cabo la instalaci\u00f3n de manera eficiente y profesional. Trabajamos con los mejores productos y equipos del mercado para garantizar la calidad y el rendimiento de cada sistema.<\/p>\t\t\t\t\t\t<\/div>\n\t\t\t\t<\/div>\n\t\t\t\t<\/div>\n\t\t\t\t<div class=\"elementor-element elementor-element-c013959 elementor-view-default elementor-widget elementor-widget-icon\" data-id=\"c013959\" data-element_type=\"widget\" data-widget_type=\"icon.default\">\n\t\t\t\t<div class=\"elementor-widget-container\">\n\t\t\t\t\t<div class=\"elementor-icon-wrapper\">\n\t\t\t<div class=\"elementor-icon\">\n\t\t\t<i aria-hidden=\"true\" class=\"fas fa-angle-right\"><\/i>\t\t\t<\/div>\n\t\t<\/div>\n\t\t\t\t<\/div>\n\t\t\t\t<\/div>\n\t\t<div class=\"elementor-element elementor-element-64d8002 e-con-full e-flex e-con e-child\" data-id=\"64d8002\" data-element_type=\"container\">\n\t\t\t\t<div class=\"elementor-element elementor-element-926e806 elementor-widget elementor-widget-heading\" data-id=\"926e806\" data-element_type=\"widget\" data-widget_type=\"heading.default\">\n\t\t\t\t<div class=\"elementor-widget-container\">\n\t\t\t<h5 class=\"elementor-heading-title elementor-size-default\">GESTI\u00d3N PARA LA CONEXI\u00d3N CON LA RED<\/h5>\t\t<\/div>\n\t\t\t\t<\/div>\n\t\t\t\t<div class=\"elementor-element elementor-element-0009bfe elementor-widget elementor-widget-text-editor\" data-id=\"0009bfe\" data-element_type=\"widget\" data-widget_type=\"text-editor.default\">\n\t\t\t\t<div class=\"elementor-widget-container\">\n\t\t\t\t\t\t\t<p style=\"text-align: left;\">Nos encargamos de todos los tr\u00e1mites y gestiones necesarios con las compa\u00f1\u00edas el\u00e9ctricas y las entidades reguladoras. Nos aseguramos de que su sistema cumpla con todos los requisitos y normativas vigentes.<\/p>\t\t\t\t\t\t<\/div>\n\t\t\t\t<\/div>\n\t\t\t\t<\/div>\n\t\t\t\t<div class=\"elementor-element elementor-element-f9e7eed elementor-view-default elementor-widget elementor-widget-icon\" data-id=\"f9e7eed\" data-element_type=\"widget\" data-widget_type=\"icon.default\">\n\t\t\t\t<div class=\"elementor-widget-container\">\n\t\t\t\t\t<div class=\"elementor-icon-wrapper\">\n\t\t\t<div class=\"elementor-icon\">\n\t\t\t<i aria-hidden=\"true\" class=\"fas fa-angle-right\"><\/i>\t\t\t<\/div>\n\t\t<\/div>\n\t\t\t\t<\/div>\n\t\t\t\t<\/div>\n\t\t<div class=\"elementor-element elementor-element-d5ac305 e-con-full e-flex e-con e-child\" data-id=\"d5ac305\" data-element_type=\"container\">\n\t\t\t\t<div class=\"elementor-element elementor-element-6083ec9 elementor-widget elementor-widget-heading\" data-id=\"6083ec9\" data-element_type=\"widget\" data-widget_type=\"heading.default\">\n\t\t\t\t<div class=\"elementor-widget-container\">\n\t\t\t<h5 class=\"elementor-heading-title elementor-size-default\">SEGUIMIENTO<\/h5>\t\t<\/div>\n\t\t\t\t<\/div>\n\t\t\t\t<div class=\"elementor-element elementor-element-53bfd1c elementor-widget elementor-widget-text-editor\" data-id=\"53bfd1c\" data-element_type=\"widget\" data-widget_type=\"text-editor.default\">\n\t\t\t\t<div class=\"elementor-widget-container\">\n\t\t\t\t\t\t\t<p style=\"text-align: left;\">Brindamos servicios de mantenimiento y monitoreo para garantizar el funcionamiento continuo y eficiente de su sistema fotovoltaico.<\/p>\t\t\t\t\t\t<\/div>\n\t\t\t\t<\/div>\n\t\t\t\t<\/div>\n\t\t\t\t\t<\/div>\n\t\t\t\t<\/div>\n\t\t<div class=\"elementor-element elementor-element-de5b6da e-flex e-con-boxed e-con e-parent\" data-id=\"de5b6da\" data-element_type=\"container\">\n\t\t\t\t\t<div class=\"e-con-inner\">\n\t\t<div class=\"elementor-element elementor-element-4f99acf e-flex e-con-boxed e-con e-child\" data-id=\"4f99acf\" data-element_type=\"container\">\n\t\t\t\t\t<div class=\"e-con-inner\">\n\t\t\t\t<div class=\"elementor-element elementor-element-fe44662 elementor-widget elementor-widget-image\" data-id=\"fe44662\" data-element_type=\"widget\" data-widget_type=\"image.default\">\n\t\t\t\t<div class=\"elementor-widget-container\">\n\t\t\t<style>\/*! elementor - v3.21.0 - 15-04-2024 *\/\n.elementor-widget-image{text-align:center}.elementor-widget-image a{display:inline-block}.elementor-widget-image a img[src$=\".svg\"]{width:48px}.elementor-widget-image img{vertical-align:middle;display:inline-block}<\/style>\t\t\t\t\t\t\t\t\t\t<img fetchpriority=\"high\" decoding=\"async\" width=\"1024\" height=\"1024\" src=\"https:\/\/airascaer.com.ar\/wp-content\/uploads\/2023\/10\/hombre-que-trabaja-proyecto-medio-ambiente-cerca-1024x1024.jpg\" class=\"attachment-large size-large wp-image-124\" alt=\"\" srcset=\"https:\/\/airascaer.com.ar\/wp-content\/uploads\/2023\/10\/hombre-que-trabaja-proyecto-medio-ambiente-cerca-1024x1024.jpg 1024w, https:\/\/airascaer.com.ar\/wp-content\/uploads\/2023\/10\/hombre-que-trabaja-proyecto-medio-ambiente-cerca-300x300.jpg 300w, https:\/\/airascaer.com.ar\/wp-content\/uploads\/2023\/10\/hombre-que-trabaja-proyecto-medio-ambiente-cerca-150x150.jpg 150w, https:\/\/airascaer.com.ar\/wp-content\/uploads\/2023\/10\/hombre-que-trabaja-proyecto-medio-ambiente-cerca-768x768.jpg 768w, https:\/\/airascaer.com.ar\/wp-content\/uploads\/2023\/10\/hombre-que-trabaja-proyecto-medio-ambiente-cerca-1536x1536.jpg 1536w, https:\/\/airascaer.com.ar\/wp-content\/uploads\/2023\/10\/hombre-que-trabaja-proyecto-medio-ambiente-cerca-2048x2048.jpg 2048w\" sizes=\"(max-width: 1024px) 100vw, 1024px\" \/>\t\t\t\t\t\t\t\t\t\t\t\t\t<\/div>\n\t\t\t\t<\/div>\n\t\t\t\t\t<\/div>\n\t\t\t\t<\/div>\n\t\t<div class=\"elementor-element elementor-element-37afe09 e-con-full e-flex e-con e-child\" data-id=\"37afe09\" data-element_type=\"container\">\n\t\t<div class=\"elementor-element elementor-element-86e8086 e-con-full e-flex e-con e-child\" data-id=\"86e8086\" data-element_type=\"container\" data-settings=\"{&quot;background_background&quot;:&quot;classic&quot;}\">\n\t\t\t\t<div class=\"elementor-element elementor-element-7fa20b6 elementor-widget elementor-widget-heading\" data-id=\"7fa20b6\" data-element_type=\"widget\" data-widget_type=\"heading.default\">\n\t\t\t\t<div class=\"elementor-widget-container\">\n\t\t\t<h2 class=\"elementor-heading-title elementor-size-default\">Aportes bioclim\u00e1ticos al proyecto arquitect\u00f3nico y de eficiencia energ\u00e9tica <\/h2>\t\t<\/div>\n\t\t\t\t<\/div>\n\t\t<div class=\"elementor-element elementor-element-8a4bd91 e-con-full e-flex e-con e-child\" data-id=\"8a4bd91\" data-element_type=\"container\">\n\t\t\t\t<div class=\"elementor-element elementor-element-29d4e08 elementor-widget elementor-widget-heading\" data-id=\"29d4e08\" data-element_type=\"widget\" data-widget_type=\"heading.default\">\n\t\t\t\t<div class=\"elementor-widget-container\">\n\t\t\t<h5 class=\"elementor-heading-title elementor-size-default\">AN\u00c1LISIS Y MEJORA DE LA ENVOLVENTE DE LAS EDIFICACIONES<\/h5>\t\t<\/div>\n\t\t\t\t<\/div>\n\t\t\t\t<div class=\"elementor-element elementor-element-7ddf6fb elementor-widget elementor-widget-text-editor\" data-id=\"7ddf6fb\" data-element_type=\"widget\" data-widget_type=\"text-editor.default\">\n\t\t\t\t<div class=\"elementor-widget-container\">\n\t\t\t\t\t\t\t<p style=\"text-align: left;\">Trabajamos en colaboraci\u00f3n con nuestros clientes para evaluar y mejorar la eficiencia de sus construcciones, garantizando un adecuado aislamiento t\u00e9rmico, una ventilaci\u00f3n adecuada y una correcta gesti\u00f3n de la luz natural.<\/p>\t\t\t\t\t\t<\/div>\n\t\t\t\t<\/div>\n\t\t\t\t<\/div>\n\t\t<div class=\"elementor-element elementor-element-431f797 e-con-full e-flex e-con e-child\" data-id=\"431f797\" data-element_type=\"container\">\n\t\t\t\t<div class=\"elementor-element elementor-element-d3ac5a6 elementor-widget elementor-widget-heading\" data-id=\"d3ac5a6\" data-element_type=\"widget\" data-widget_type=\"heading.default\">\n\t\t\t\t<div class=\"elementor-widget-container\">\n\t\t\t<h5 class=\"elementor-heading-title elementor-size-default\">ASESORAMIENTO PARA UN CONSUMO M\u00c1S EFICIENTE<\/h5>\t\t<\/div>\n\t\t\t\t<\/div>\n\t\t\t\t<div class=\"elementor-element elementor-element-471f01a elementor-widget elementor-widget-text-editor\" data-id=\"471f01a\" data-element_type=\"widget\" data-widget_type=\"text-editor.default\">\n\t\t\t\t<div class=\"elementor-widget-container\">\n\t\t\t\t\t\t\t<p style=\"text-align: left;\">Nos ocupamos de realizar un an\u00e1lisis exhaustivo de los patrones de consumo de energ\u00eda de cada cliente, identificando \u00e1reas de mejora y proponiendo soluciones personalizadas.<\/p>\t\t\t\t\t\t<\/div>\n\t\t\t\t<\/div>\n\t\t\t\t<\/div>\n\t\t\t\t<\/div>\n\t\t\t\t<\/div>\n\t\t\t\t\t<\/div>\n\t\t\t\t<\/div>\n\t\t<div class=\"elementor-element elementor-element-e3f6616 e-flex e-con-boxed e-con e-parent\" data-id=\"e3f6616\" data-element_type=\"container\">\n\t\t\t\t\t<div class=\"e-con-inner\">\n\t\t<div class=\"elementor-element elementor-element-a25f409 e-con-full e-flex e-con e-child\" data-id=\"a25f409\" data-element_type=\"container\">\n\t\t<div class=\"elementor-element elementor-element-a8fad40 e-flex e-con-boxed e-con e-child\" data-id=\"a8fad40\" data-element_type=\"container\" data-settings=\"{&quot;background_background&quot;:&quot;classic&quot;}\">\n\t\t\t\t\t<div class=\"e-con-inner\">\n\t\t\t\t<div class=\"elementor-element elementor-element-8fd2cd6 elementor-widget elementor-widget-heading\" data-id=\"8fd2cd6\" data-element_type=\"widget\" data-widget_type=\"heading.default\">\n\t\t\t\t<div class=\"elementor-widget-container\">\n\t\t\t<h2 class=\"elementor-heading-title elementor-size-default\">Dise\u00f1o y c\u00e1lculo de proyectos de iluminaci\u00f3n p\u00fablica <\/h2>\t\t<\/div>\n\t\t\t\t<\/div>\n\t\t\t\t\t<\/div>\n\t\t\t\t<\/div>\n\t\t<div class=\"elementor-element elementor-element-a9dd254 e-flex e-con-boxed e-con e-child\" data-id=\"a9dd254\" data-element_type=\"container\">\n\t\t\t\t\t<div class=\"e-con-inner\">\n\t\t<div class=\"elementor-element elementor-element-29cad19 e-con-full e-flex e-con e-child\" data-id=\"29cad19\" data-element_type=\"container\">\n\t\t\t\t<div class=\"elementor-element elementor-element-d69c8d2 elementor-widget elementor-widget-heading\" data-id=\"d69c8d2\" data-element_type=\"widget\" data-widget_type=\"heading.default\">\n\t\t\t\t<div class=\"elementor-widget-container\">\n\t\t\t<h5 class=\"elementor-heading-title elementor-size-default\">DISE\u00d1O DE SISTEMAS DE ILUMINACI\u00d3N<\/h5>\t\t<\/div>\n\t\t\t\t<\/div>\n\t\t\t\t<div class=\"elementor-element elementor-element-95beaad elementor-widget elementor-widget-text-editor\" data-id=\"95beaad\" data-element_type=\"widget\" data-widget_type=\"text-editor.default\">\n\t\t\t\t<div class=\"elementor-widget-container\">\n\t\t\t\t\t\t\t<p style=\"text-align: left;\">Proyectamos el alumbrado de espacios p\u00fablicos de manera eficiente y efectiva. Brindamos soluciones de iluminaci\u00f3n modernas y sostenibles, que no s\u00f3lo mejoran la seguridad y la visibilidad, sino tambi\u00e9n embellecen calles, avenidas, paseos, plazas y parques.<\/p>\t\t\t\t\t\t<\/div>\n\t\t\t\t<\/div>\n\t\t\t\t<\/div>\n\t\t\t\t\t<\/div>\n\t\t\t\t<\/div>\n\t\t\t\t<\/div>\n\t\t<div class=\"elementor-element elementor-element-0cb5835 e-con-full e-flex e-con e-child\" data-id=\"0cb5835\" data-element_type=\"container\" data-settings=\"{&quot;background_background&quot;:&quot;slideshow&quot;,&quot;background_slideshow_gallery&quot;:[{&quot;id&quot;:133,&quot;url&quot;:&quot;https:\\\/\\\/airascaer.com.ar\\\/wp-content\\\/uploads\\\/2023\\\/10\\\/312971954_546451570817425_727199467167562721_n.jpg&quot;},{&quot;id&quot;:134,&quot;url&quot;:&quot;https:\\\/\\\/airascaer.com.ar\\\/wp-content\\\/uploads\\\/2023\\\/10\\\/315101225_558409996288249_3681527173959458308_n.jpg&quot;},{&quot;id&quot;:135,&quot;url&quot;:&quot;https:\\\/\\\/airascaer.com.ar\\\/wp-content\\\/uploads\\\/2023\\\/10\\\/324842453_3484790235100372_821618138089822130_n.jpg&quot;},{&quot;id&quot;:136,&quot;url&quot;:&quot;https:\\\/\\\/airascaer.com.ar\\\/wp-content\\\/uploads\\\/2023\\\/10\\\/330295653_237272305310281_3841706593997619398_n.jpg&quot;},{&quot;id&quot;:137,&quot;url&quot;:&quot;https:\\\/\\\/airascaer.com.ar\\\/wp-content\\\/uploads\\\/2023\\\/10\\\/342206346_259946249723060_3149037492440701099_n.jpg&quot;}],&quot;background_slideshow_loop&quot;:&quot;yes&quot;,&quot;background_slideshow_slide_duration&quot;:5000,&quot;background_slideshow_slide_transition&quot;:&quot;fade&quot;,&quot;background_slideshow_transition_duration&quot;:500}\">\n\t\t\t\t<\/div>\n\t\t\t\t\t<\/div>\n\t\t\t\t<\/div>\n\t\t\t\t<\/div>\n\t\t","protected":false},"excerpt":{"rendered":"<p>Ingenier\u00eda de sistemas de energ\u00eda solar fotovoltaica GESTI\u00d3N DE CR\u00c9DITOS Realizamos todas las gestiones para la solicitaci\u00f3n de cr\u00e9ditos espec\u00edficos que permiten financiar instalaciones solares fotovoltaicas, provinciales y nacionales, tales como Plan Renovable Era, FEDEI, CFI, etc. DISE\u00d1O PERSONALIZADO Comenzamos cada proyecto evaluando las necesidades y requisitos espec\u00edficos de nuestros clientes. A trav\u00e9s de un&hellip;&nbsp;<a href=\"https:\/\/airascaer.com.ar\/?page_id=17\" class=\"\" rel=\"bookmark\">Leer m\u00e1s &raquo;<span class=\"screen-reader-text\">SERVICIOS<\/span><\/a><\/p>\n","protected":false},"author":1,"featured_media":0,"parent":0,"menu_order":0,"comment_status":"closed","ping_status":"closed","template":"page-templates\/template-pagebuilder-full-width.php","meta":{"neve_meta_sidebar":"","neve_meta_container":"","neve_meta_enable_content_width":"","neve_meta_content_width":0,"neve_meta_title_alignment":"","neve_meta_author_avatar":"","neve_post_elements_order":"","neve_meta_disable_header":"","neve_meta_disable_footer":"","neve_meta_disable_title":"","footnotes":"","_joinchat":[]},"_links":{"self":[{"href":"https:\/\/airascaer.com.ar\/index.php?rest_route=\/wp\/v2\/pages\/17"}],"collection":[{"href":"https:\/\/airascaer.com.ar\/index.php?rest_route=\/wp\/v2\/pages"}],"about":[{"href":"https:\/\/airascaer.com.ar\/index.php?rest_route=\/wp\/v2\/types\/page"}],"author":[{"embeddable":true,"href":"https:\/\/airascaer.com.ar\/index.php?rest_route=\/wp\/v2\/users\/1"}],"replies":[{"embeddable":true,"href":"https:\/\/airascaer.com.ar\/index.php?rest_route=%2Fwp%2Fv2%2Fcomments&post=17"}],"version-history":[{"count":22,"href":"https:\/\/airascaer.com.ar\/index.php?rest_route=\/wp\/v2\/pages\/17\/revisions"}],"predecessor-version":[{"id":240,"href":"https:\/\/airascaer.com.ar\/index.php?rest_route=\/wp\/v2\/pages\/17\/revisions\/240"}],"wp:attachment":[{"href":"https:\/\/airascaer.com.ar\/index.php?rest_route=%2Fwp%2Fv2%2Fmedia&parent=17"}],"curies":[{"name":"wp","href":"https:\/\/api.w.org\/{rel}","templated":true}]}}